{"id":27,"date":"2024-06-01T12:25:04","date_gmt":"2024-06-01T12:25:04","guid":{"rendered":"https:\/\/bromsta.se\/?page_id=27"},"modified":"2024-07-06T15:13:27","modified_gmt":"2024-07-06T15:13:27","slug":"galleri","status":"publish","type":"page","link":"https:\/\/sigtunakylavarme.se\/index.php\/galleri\/","title":{"rendered":"Galleri"},"content":{"rendered":"\n<p>H\u00e4r kommer vi presentera bilder fr\u00e5n jobb vi utf\u00f6rt<\/p>\n\n\n\n<figure class=\"wp-block-gallery has-nested-images columns-default is-cropped wp-block-gallery-1 is-layout-flex wp-block-gallery-is-layout-flex\"><\/figure>\n","protected":false},"excerpt":{"rendered":"<p>H\u00e4r kommer vi presentera bilder fr\u00e5n jobb vi utf\u00f6rt<\/p>\n","protected":false},"author":1,"featured_media":0,"parent":0,"menu_order":0,"comment_status":"closed","ping_status":"closed","template":"","meta":{"_uag_custom_page_level_css":"","footnotes":""},"class_list":["post-27","page","type-page","status-publish","hentry"],"uagb_featured_image_src":{"full":false,"thumbnail":false,"medium":false,"medium_large":false,"large":false,"1536x1536":false,"2048x2048":false,"fixup-lite-feat-thumb":false},"uagb_author_info":{"display_name":"admin","author_link":"https:\/\/sigtunakylavarme.se\/index.php\/author\/admin\/"},"uagb_comment_info":0,"uagb_excerpt":"H\u00e4r kommer vi presentera bilder fr\u00e5n jobb vi utf\u00f6rt","_links":{"self":[{"href":"https:\/\/sigtunakylavarme.se\/index.php\/wp-json\/wp\/v2\/pages\/27","targetHints":{"allow":["GET"]}}],"collection":[{"href":"https:\/\/sigtunakylavarme.se\/index.php\/wp-json\/wp\/v2\/pages"}],"about":[{"href":"https:\/\/sigtunakylavarme.se\/index.php\/wp-json\/wp\/v2\/types\/page"}],"author":[{"embeddable":true,"href":"https:\/\/sigtunakylavarme.se\/index.php\/wp-json\/wp\/v2\/users\/1"}],"replies":[{"embeddable":true,"href":"https:\/\/sigtunakylavarme.se\/index.php\/wp-json\/wp\/v2\/comments?post=27"}],"version-history":[{"count":1,"href":"https:\/\/sigtunakylavarme.se\/index.php\/wp-json\/wp\/v2\/pages\/27\/revisions"}],"predecessor-version":[{"id":61,"href":"https:\/\/sigtunakylavarme.se\/index.php\/wp-json\/wp\/v2\/pages\/27\/revisions\/61"}],"wp:attachment":[{"href":"https:\/\/sigtunakylavarme.se\/index.php\/wp-json\/wp\/v2\/media?parent=27"}],"curies":[{"name":"wp","href":"https:\/\/api.w.org\/{rel}","templated":true}]}}